{"id":968,"date":"2016-02-16T15:41:22","date_gmt":"2016-02-16T13:41:22","guid":{"rendered":"http:\/\/10.24.42.42\/demo\/?page_id=968"},"modified":"2026-03-30T07:25:06","modified_gmt":"2026-03-30T05:25:06","slug":"labor","status":"publish","type":"page","link":"https:\/\/www.ttas.ee\/index.php\/teenused\/labor\/","title":{"rendered":"Labor"},"content":{"rendered":"\n<p><\/p>\n\n\n\n<p>Tallinna Teede Aktsiaseltsi labor l\u00e4htub oma tegevuses ettev\u00f5tte juhtimiss\u00fcsteemi printsiipidest ja Eestis kehtivate riiklike ning ametkondlike normdokumentide n\u00f5uetest. <\/p>\n\n\n\n<p>Labori peamised teenused on asfaltsegude ja &#8211; katete ning t\u00e4itematerjalide katsetamine.<\/p>\n\n\n\n<p>Labori tegevuse p\u00f5hialuseks on tegutseda erapooletult, asjatundlikult, ja sellisel viisil, et t\u00f6\u00f6 eesm\u00e4rk oleks saavutatud.<\/p>\n\n\n\n<p>Klientide teenindamisel l\u00e4htub labori personal heast professionaalsest praktikast, tagab hea kvaliteedin\u00f5uete t\u00e4itmise labori katsetel ning kliendi rahulolu teenindamisel.<\/p>\n\n\n\n<p>Tallinna Teede AS labor on EAK poolt akrediteeritud katselabor L153 standardi EVS-EN ISO\/IEC 17025:2017 n\u00f5uete suhtes.  <\/p>\n\n\n\n<p>Labori akrediteerimisulatus <a rel=\"noopener noreferrer\" href=\"http:\/\/eak.ee\/dokumendid\/pdf\/kasitlusala\/L153.pdf\" target=\"_blank\"><span style=\"color: blue;\"><u>L153<\/u><\/span><\/a>.<\/p>\n\n\n\n<div class=\"wp-block-group\"><div class=\"wp-block-group__inner-container is-layout-constrained wp-block-group-is-layout-constrained\"><ul class=\"arrow2\">\n<li><a href=\"https:\/\/www.ttas.ee\/index.php\/teenused\/labor2\/\">Asfaltsegud- ja katted<\/a> (<a id=\"wp-block-file--media-0ee5f51a-b7b3-4d03-99da-97ec4e6e080e\" href=\"https:\/\/www.ttas.ee\/wp-content\/uploads\/2024\/03\/LV-10A-Laboriteenuse-tellimine.xlsx\"><span style=\"color: blue;\">LV-10A Laboriteenuse tellimine<\/span><\/a>)<\/li>\n<li><a href=\"https:\/\/www.ttas.ee\/index.php\/teenused\/labor3\/\">T\u00e4itematerjalid<\/a> (<a id=\"wp-block-file--media-2ee5f51a-b7b3-4d03-99da-97ec4e6e080e\" href=\"https:\/\/www.ttas.ee\/wp-content\/uploads\/2024\/03\/LV-10T-Laboriteenuse-tellimine.xlsx\"><span style=\"color: blue;\">LV-10T Laboriteenuse tellimine<\/span><\/a>)<\/li>\n<li><a href=\"https:\/\/www.ttas.ee\/index.php\/teenused\/labor4\/\">Sideained<\/a> (<a id=\"wp-block-file--media-1ee5f51a-b7b3-4d03-99da-97ec4e6e080e\" href=\"https:\/\/www.ttas.ee\/wp-content\/uploads\/2024\/03\/LV-10A-Laboriteenuse-tellimine.xlsx\"><span style=\"color: blue;\">LV-10A Laboriteenuse tellimine<\/span><\/a>)<\/li>\n<li><a href=\"https:\/\/www.ttas.ee\/index.php\/teenused\/labor\/kaebuste-lahendamine\/\">Kaebuste lahendamine<\/span><\/a><\/li>\n<\/ul>\n<p><strong>Lisainfo:<\/strong><\/p>\n<\/p>\n<p><!--\n\n\n<p><strong>Perioodil 15.12.2025-27.03.2026 oleme avatud: E-R kell 10.00-13.00<\/strong><br \/><strong>Alates 30.03.2026 oleme avatud tavap\u00e4raselt: E-R kell 08.00-16.30 <\/strong><strong>\u00a0<\/strong><\/p>\n\n<br \/>\n\n\n<p><strong>Muul ajal kokkuleppel Tel: 56 244 161 \/ Tel: 52 19 586<\/strong>\n--><\/p>\n<table>\n<tbody>\n<tr>\n<td>\n<h4>Margus Soa<\/h4>\n<p>Labori juhataja<\/p>\n<p>margus.soa[at]ttas.ee<\/p>\n<p>+372 52 19 586<\/p>\n<\/td>\n<td>\n<h4>Proovide vastuv\u00f5tt<\/h4>\n<p>E-R 8:00 &#8211; 16:30<\/p>\n<p>Tel: +372 56 244 161<\/p>\n<p>Muul ajal kokkuleppel<\/p>\n<\/td>\n<\/tr>\n<\/tbody>\n<\/table>\n<\/div><\/div>\n\n\n\n<p><\/p>\n","protected":false},"excerpt":{"rendered":"<p>Tallinna Teede Aktsiaseltsi labor l\u00e4htub oma tegevuses ettev\u00f5tte juhtimiss\u00fcsteemi printsiipidest ja Eestis kehtivate riiklike ning ametkondlike normdokumentide n\u00f5uetest. Labori peamised teenused on asfaltsegude ja &#8211; katete ning t\u00e4itematerjalide katsetamine. Labori tegevuse p\u00f5hialuseks on tegutseda erapooletult, asjatundlikult, ja sellisel viisil, et t\u00f6\u00f6 eesm\u00e4rk oleks saavutatud. Klientide teenindamisel l\u00e4htub labori personal heast professionaalsest praktikast, tagab hea kvaliteedin\u00f5uete [&hellip;]<\/p>\n","protected":false},"author":1,"featured_media":0,"parent":1621,"menu_order":5,"comment_status":"closed","ping_status":"closed","template":"","meta":{"footnotes":""},"class_list":["post-968","page","type-page","status-publish","hentry"],"_links":{"self":[{"href":"https:\/\/www.ttas.ee\/index.php\/wp-json\/wp\/v2\/pages\/968"}],"collection":[{"href":"https:\/\/www.ttas.ee\/index.php\/wp-json\/wp\/v2\/pages"}],"about":[{"href":"https:\/\/www.ttas.ee\/index.php\/wp-json\/wp\/v2\/types\/page"}],"author":[{"embeddable":true,"href":"https:\/\/www.ttas.ee\/index.php\/wp-json\/wp\/v2\/users\/1"}],"replies":[{"embeddable":true,"href":"https:\/\/www.ttas.ee\/index.php\/wp-json\/wp\/v2\/comments?post=968"}],"version-history":[{"count":88,"href":"https:\/\/www.ttas.ee\/index.php\/wp-json\/wp\/v2\/pages\/968\/revisions"}],"predecessor-version":[{"id":2679,"href":"https:\/\/www.ttas.ee\/index.php\/wp-json\/wp\/v2\/pages\/968\/revisions\/2679"}],"up":[{"embeddable":true,"href":"https:\/\/www.ttas.ee\/index.php\/wp-json\/wp\/v2\/pages\/1621"}],"wp:attachment":[{"href":"https:\/\/www.ttas.ee\/index.php\/wp-json\/wp\/v2\/media?parent=968"}],"curies":[{"name":"wp","href":"https:\/\/api.w.org\/{rel}","templated":true}]}}