{"id":964,"date":"2016-02-16T15:40:58","date_gmt":"2016-02-16T13:40:58","guid":{"rendered":"http:\/\/10.24.42.42\/demo\/?page_id=964"},"modified":"2024-08-27T12:02:39","modified_gmt":"2024-08-27T10:02:39","slug":"teede-hooldus","status":"publish","type":"page","link":"https:\/\/www.ttas.ee\/index.php\/teenused\/teede-hooldus\/","title":{"rendered":"Teehoole ja j\u00e4relevalve"},"content":{"rendered":"<p class=\"heading-text\">Tegeleme Tallinna linna teedev\u00f5rgu hooldamisega juba alates 1959.a.<\/p>\n<p>Tallinna Teede Aktsiaselts teostab k\u00f5iki teede hooldusega seotud t\u00f6id \u00fcle Eesti. Omame masinaparki ja meeskonda, kelle pikaaegne kogemus tagab t\u00f6\u00f6 t\u00e4htaegse ja kvaliteetse teostamise.<\/p>\n<h3>Pakutavad teenused<\/h3>\n<ul class=\"checklist\">\n<li>L\u00f6\u00f6kaukude remont kuuma asfaltseguga<\/li>\n<li>L\u00f6\u00f6kaukude remont k\u00fclma asfaltseguga<\/li>\n<li>Katte remont mehhaanilise immutamisega bituumenemulsiooni ja tardkivikillustikuga<\/li>\n<li>Teekatete remont laus- v\u00f5i kohtpindamisega<\/li>\n<li>Tasandusfreesimine ja uue asfaltkatte paigaldamine<\/li>\n<li>Teepeenarde ja aluste korrigeerimine<\/li>\n<li>Betoon- ja graniit\u00e4\u00e4rekivide remont ja paigaldus<\/li>\n<li>Betoon-, munakivi- ja graniitkividest sillutiskatete remont ja paigaldus<\/li>\n<li>Kaevet\u00f6\u00f6de omanikuj\u00e4relevalve teenus<\/li>\n<li>Talihoole<\/li>\n<\/ul>\n<h3>Sildade ja viaduktide korrashoid<\/h3>\n<ul class=\"checklist\">\n<li>Deformatsioonivuukide puhastamine<\/li>\n<li>J\u00e4\u00e4purikate eemaldamine<\/li>\n<li>Sadevees\u00fcsteemide puhastamine<\/li>\n<li>Tugiosade hooldust\u00f6\u00f6d<\/li>\n<li>Betoonkonstruktsioonide kahjustuste remont<\/li>\n<li>Silla piirete hooldus<\/li>\n<\/ul>\n<p><strong>Lisainfo:<\/strong><\/p>\n<h4>Rainer Barjabin<\/h4>\n<p>Teehoiu osakonna juhataja<\/p>\n<p>rainer.barjabin[at]ttas.ee<\/p>\n<p>+372 56 804 865<\/p>\n","protected":false},"excerpt":{"rendered":"<p>Tegeleme Tallinna linna teedev\u00f5rgu hooldamisega juba alates 1959.a. Tallinna Teede Aktsiaselts teostab k\u00f5iki teede hooldusega seotud t\u00f6id \u00fcle Eesti. Omame masinaparki ja meeskonda, kelle pikaaegne kogemus tagab t\u00f6\u00f6 t\u00e4htaegse ja kvaliteetse teostamise. Pakutavad teenused L\u00f6\u00f6kaukude remont kuuma asfaltseguga L\u00f6\u00f6kaukude remont k\u00fclma asfaltseguga Katte remont mehhaanilise immutamisega bituumenemulsiooni ja tardkivikillustikuga Teekatete remont laus- v\u00f5i kohtpindamisega Tasandusfreesimine [&hellip;]<\/p>\n","protected":false},"author":1,"featured_media":0,"parent":1621,"menu_order":2,"comment_status":"closed","ping_status":"closed","template":"","meta":{"footnotes":""},"class_list":["post-964","page","type-page","status-publish","hentry"],"_links":{"self":[{"href":"https:\/\/www.ttas.ee\/index.php\/wp-json\/wp\/v2\/pages\/964"}],"collection":[{"href":"https:\/\/www.ttas.ee\/index.php\/wp-json\/wp\/v2\/pages"}],"about":[{"href":"https:\/\/www.ttas.ee\/index.php\/wp-json\/wp\/v2\/types\/page"}],"author":[{"embeddable":true,"href":"https:\/\/www.ttas.ee\/index.php\/wp-json\/wp\/v2\/users\/1"}],"replies":[{"embeddable":true,"href":"https:\/\/www.ttas.ee\/index.php\/wp-json\/wp\/v2\/comments?post=964"}],"version-history":[{"count":27,"href":"https:\/\/www.ttas.ee\/index.php\/wp-json\/wp\/v2\/pages\/964\/revisions"}],"predecessor-version":[{"id":2200,"href":"https:\/\/www.ttas.ee\/index.php\/wp-json\/wp\/v2\/pages\/964\/revisions\/2200"}],"up":[{"embeddable":true,"href":"https:\/\/www.ttas.ee\/index.php\/wp-json\/wp\/v2\/pages\/1621"}],"wp:attachment":[{"href":"https:\/\/www.ttas.ee\/index.php\/wp-json\/wp\/v2\/media?parent=964"}],"curies":[{"name":"wp","href":"https:\/\/api.w.org\/{rel}","templated":true}]}}