{"id":962,"date":"2016-02-16T15:40:22","date_gmt":"2016-02-16T13:40:22","guid":{"rendered":"http:\/\/10.24.42.42\/demo\/?page_id=962"},"modified":"2021-03-31T10:27:59","modified_gmt":"2021-03-31T08:27:59","slug":"teede-ja-rajatiste-ehitus","status":"publish","type":"page","link":"https:\/\/www.ttas.ee\/index.php\/teenused\/teede-ja-rajatiste-ehitus\/","title":{"rendered":"Teede ja rajatiste ehitus"},"content":{"rendered":"<p class=\"heading-text\">Tallinna Teede Aktsiaseltsil on pikaaegne kogemus t\u00e4navate ja platside sillutamisel. Peame ennast Eestis \u00fcheks juhtivaks graniitparkettkivi ja munakivisillutise\u00a0paigaldajaks.<\/p>\n<p>Pakume teede ning platside ehitust peat\u00f6\u00f6v\u00f5tu meetodil. Omame pikaaegset kogemust ja kogenud meeskonda teede ja rajatiste ehituses. Erinevaid t\u00f6id oleme teostanud \u00fcle Eesti. Vajadusel aitame v\u00e4lja selgitada parimad lahendused t\u00f6\u00f6de tehnoloogia valikul. \u00a0Tegeleme nii maanteede, lennuv\u00e4ljade kui ka parklate, sisses\u00f5itude, haljasalade ja staadionite ehituse ja rekonstrueerimisega.<\/p>\n<h3>Teostatavad t\u00f6\u00f6d:<\/h3>\n<ul class=\"checklist\">\n<li>Munakivisillutise paigaldus<\/li>\n<li>Betoonkivisillutise paigaldus<\/li>\n<li>Graniitkivisillutise paigaldus<\/li>\n<li>Kaeve- ja t\u00e4itet\u00f6\u00f6d<\/li>\n<li>Liiv- ja killustikaluste ehitus<\/li>\n<li>Stabiliseeritud katendikihtide ehitus<\/li>\n<li>Freesimist\u00f6\u00f6d<\/li>\n<li>Pindamist\u00f6\u00f6d<\/li>\n<li>Asfalteerimist\u00f6\u00f6d<\/li>\n<\/ul>\n<p><strong>Lisainfo:<\/strong><\/p>\n<table>\n<tbody>\n<tr>\n<td style=\"background-color: white;\">\n<h4>Marek Rand<\/h4>\n<p>Juhatuse liige &#8211; ehitusjuht<\/p>\n<p>marek.rand[at]ttas.ee<\/p>\n<p>+372 56 804 842<\/td>\n<\/tr>\n<\/tbody>\n<\/table>\n<p><!---\n[stafflist num=1 orderby=\"date\" title=\"\" category=\"ehitusdivisjon\"]\n--><\/p>\n","protected":false},"excerpt":{"rendered":"<p>Tallinna Teede Aktsiaseltsil on pikaaegne kogemus t\u00e4navate ja platside sillutamisel. Peame ennast Eestis \u00fcheks juhtivaks graniitparkettkivi ja munakivisillutise\u00a0paigaldajaks. Pakume teede ning platside ehitust peat\u00f6\u00f6v\u00f5tu meetodil. Omame pikaaegset kogemust ja kogenud meeskonda teede ja rajatiste ehituses. Erinevaid t\u00f6id oleme teostanud \u00fcle Eesti. Vajadusel aitame v\u00e4lja selgitada parimad lahendused t\u00f6\u00f6de tehnoloogia valikul. \u00a0Tegeleme nii maanteede, lennuv\u00e4ljade kui [&hellip;]<\/p>\n","protected":false},"author":1,"featured_media":0,"parent":1621,"menu_order":1,"comment_status":"closed","ping_status":"closed","template":"","meta":{"footnotes":""},"class_list":["post-962","page","type-page","status-publish","hentry"],"_links":{"self":[{"href":"https:\/\/www.ttas.ee\/index.php\/wp-json\/wp\/v2\/pages\/962"}],"collection":[{"href":"https:\/\/www.ttas.ee\/index.php\/wp-json\/wp\/v2\/pages"}],"about":[{"href":"https:\/\/www.ttas.ee\/index.php\/wp-json\/wp\/v2\/types\/page"}],"author":[{"embeddable":true,"href":"https:\/\/www.ttas.ee\/index.php\/wp-json\/wp\/v2\/users\/1"}],"replies":[{"embeddable":true,"href":"https:\/\/www.ttas.ee\/index.php\/wp-json\/wp\/v2\/comments?post=962"}],"version-history":[{"count":37,"href":"https:\/\/www.ttas.ee\/index.php\/wp-json\/wp\/v2\/pages\/962\/revisions"}],"predecessor-version":[{"id":1828,"href":"https:\/\/www.ttas.ee\/index.php\/wp-json\/wp\/v2\/pages\/962\/revisions\/1828"}],"up":[{"embeddable":true,"href":"https:\/\/www.ttas.ee\/index.php\/wp-json\/wp\/v2\/pages\/1621"}],"wp:attachment":[{"href":"https:\/\/www.ttas.ee\/index.php\/wp-json\/wp\/v2\/media?parent=962"}],"curies":[{"name":"wp","href":"https:\/\/api.w.org\/{rel}","templated":true}]}}