{"id":2075,"date":"2024-01-16T14:11:48","date_gmt":"2024-01-16T12:11:48","guid":{"rendered":"https:\/\/www.ttas.ee\/?page_id=2075"},"modified":"2024-01-24T14:43:30","modified_gmt":"2024-01-24T12:43:30","slug":"maksetingimused","status":"publish","type":"page","link":"https:\/\/www.ttas.ee\/index.php\/maksetingimused\/","title":{"rendered":"Maksetingimused"},"content":{"rendered":"<p>Makset\u00e4htaeg on m\u00fc\u00fcgiarvel \u00fcldjuhul arve koostamisest 21 p\u00e4eva, kui ei ole kokku lepitud teisiti.<br \/>\nTasu loetakse makstuks p\u00e4eval, kui see laekub Tallinna Teede AS arvelduskontole.<\/p>\n<p>Kui lepingus pole m\u00e4rgitud teisiti, siis rahalise kohustuse t\u00e4itmisega viivitamise korral, on arve tasujal kohustus tasuda ka makset\u00e4htaja \u00fcletanud p\u00e4evade eest t\u00e4iendavat viivist summas 0,2 % iga makset\u00e4htaja \u00fcletanud p\u00e4eva eest.<\/p>\n<p>Kui Ostja on j\u00e4tnud kohustuse t\u00e4itmata, on Tallinna Teede AS &#8211; l \u00f5igus n\u00f5ue loovutada ja\/v\u00f5i anda see sissen\u00f5udmiseks \u00fcle kolmandale isikule. Ostja on kohustatud h\u00fcvitama Tallinna Teede AS &#8211; le ja\/v\u00f5i kolmandale isikule n\u00f5ude sissen\u00f5udmisega tekkinud kulud.<\/p>\n","protected":false},"excerpt":{"rendered":"<p>Makset\u00e4htaeg on m\u00fc\u00fcgiarvel \u00fcldjuhul arve koostamisest 21 p\u00e4eva, kui ei ole kokku lepitud teisiti. Tasu loetakse makstuks p\u00e4eval, kui see laekub Tallinna Teede AS arvelduskontole. Kui lepingus pole m\u00e4rgitud teisiti, siis rahalise kohustuse t\u00e4itmisega viivitamise korral, on arve tasujal kohustus tasuda ka makset\u00e4htaja \u00fcletanud p\u00e4evade eest t\u00e4iendavat viivist summas 0,2 % iga makset\u00e4htaja \u00fcletanud p\u00e4eva [&hellip;]<\/p>\n","protected":false},"author":1,"featured_media":0,"parent":0,"menu_order":0,"comment_status":"closed","ping_status":"closed","template":"","meta":{"footnotes":""},"class_list":["post-2075","page","type-page","status-publish","hentry"],"_links":{"self":[{"href":"https:\/\/www.ttas.ee\/index.php\/wp-json\/wp\/v2\/pages\/2075"}],"collection":[{"href":"https:\/\/www.ttas.ee\/index.php\/wp-json\/wp\/v2\/pages"}],"about":[{"href":"https:\/\/www.ttas.ee\/index.php\/wp-json\/wp\/v2\/types\/page"}],"author":[{"embeddable":true,"href":"https:\/\/www.ttas.ee\/index.php\/wp-json\/wp\/v2\/users\/1"}],"replies":[{"embeddable":true,"href":"https:\/\/www.ttas.ee\/index.php\/wp-json\/wp\/v2\/comments?post=2075"}],"version-history":[{"count":3,"href":"https:\/\/www.ttas.ee\/index.php\/wp-json\/wp\/v2\/pages\/2075\/revisions"}],"predecessor-version":[{"id":2092,"href":"https:\/\/www.ttas.ee\/index.php\/wp-json\/wp\/v2\/pages\/2075\/revisions\/2092"}],"wp:attachment":[{"href":"https:\/\/www.ttas.ee\/index.php\/wp-json\/wp\/v2\/media?parent=2075"}],"curies":[{"name":"wp","href":"https:\/\/api.w.org\/{rel}","templated":true}]}}