{"id":1646,"date":"2018-05-21T09:37:09","date_gmt":"2018-05-21T07:37:09","guid":{"rendered":"http:\/\/www.ttas.ee\/?page_id=1646"},"modified":"2024-02-16T15:06:30","modified_gmt":"2024-02-16T13:06:30","slug":"labor4","status":"publish","type":"page","link":"https:\/\/www.ttas.ee\/index.php\/teenused\/labor\/labor4\/","title":{"rendered":"Sideaine"},"content":{"rendered":"<table border=\"1\" width=\"698\">\n<tbody>\n<tr>\n<td class=\"pealkiri\" width=30 >Jrk nr<\/td>\n<td class=\"pealkiri\" width=350 >T\u00f6\u00f6 nimetus<\/td>\n<td class=\"pealkiri\"  width=250 >Meetod<\/td>\n<td class=\"pealkiri\"  width=50 >Akredi- teering<\/td>\n<\/tr>\n<tr>\n<td>1<\/td>\n<td>Bituumensideainete penetratsiooni m\u00e4\u00e4ramine\n<\/td>\n<td>EVS-EN 1426:2015\n<\/td>\n<td><\/td>\n<\/tr>\n<\/tbody>\n<\/table>\n<p><strong>Lisainfo:<\/strong><\/p>\n<table>\n<tbody>\n<tr>\n<td style=\"background-color: white;\">\n<h4>Margus Soa<\/h4>\n<p>Labori juhataja<\/p>\n<p>margus.soa[at]ttas.ee<\/p>\n<p>+372 52 19 586<\/p>\n<\/td>\n<\/tr>\n<\/tbody>\n<\/table>\n","protected":false},"excerpt":{"rendered":"<p>Jrk nr T\u00f6\u00f6 nimetus Meetod Akredi- teering 1 Bituumensideainete penetratsiooni m\u00e4\u00e4ramine EVS-EN 1426:2015 Lisainfo: Margus Soa Labori juhataja margus.soa[at]ttas.ee +372 52 19 586<\/p>\n","protected":false},"author":1,"featured_media":0,"parent":968,"menu_order":3,"comment_status":"closed","ping_status":"closed","template":"","meta":{"footnotes":""},"class_list":["post-1646","page","type-page","status-publish","hentry"],"_links":{"self":[{"href":"https:\/\/www.ttas.ee\/index.php\/wp-json\/wp\/v2\/pages\/1646"}],"collection":[{"href":"https:\/\/www.ttas.ee\/index.php\/wp-json\/wp\/v2\/pages"}],"about":[{"href":"https:\/\/www.ttas.ee\/index.php\/wp-json\/wp\/v2\/types\/page"}],"author":[{"embeddable":true,"href":"https:\/\/www.ttas.ee\/index.php\/wp-json\/wp\/v2\/users\/1"}],"replies":[{"embeddable":true,"href":"https:\/\/www.ttas.ee\/index.php\/wp-json\/wp\/v2\/comments?post=1646"}],"version-history":[{"count":6,"href":"https:\/\/www.ttas.ee\/index.php\/wp-json\/wp\/v2\/pages\/1646\/revisions"}],"predecessor-version":[{"id":2130,"href":"https:\/\/www.ttas.ee\/index.php\/wp-json\/wp\/v2\/pages\/1646\/revisions\/2130"}],"up":[{"embeddable":true,"href":"https:\/\/www.ttas.ee\/index.php\/wp-json\/wp\/v2\/pages\/968"}],"wp:attachment":[{"href":"https:\/\/www.ttas.ee\/index.php\/wp-json\/wp\/v2\/media?parent=1646"}],"curies":[{"name":"wp","href":"https:\/\/api.w.org\/{rel}","templated":true}]}}