{"id":1624,"date":"2018-03-12T11:54:16","date_gmt":"2018-03-12T09:54:16","guid":{"rendered":"http:\/\/www.ttas.ee\/?page_id=1624"},"modified":"2021-06-28T18:04:31","modified_gmt":"2021-06-28T16:04:31","slug":"ettevottest","status":"publish","type":"page","link":"https:\/\/www.ttas.ee\/index.php\/ettevottest\/","title":{"rendered":"Ettev\u00f5ttest"},"content":{"rendered":"<p>Tallinna Teede Aktsiaselts on teede ja rajatiste ehitamise ja hooldamisega tegelev ettev\u00f5te.<\/p>\n<p>Ettev\u00f5te teostab \u00fcle Eesti nii peat\u00f6\u00f6v\u00f5tu meetodil kui ka oma mehhanismidega k\u00f5iki teehoiut\u00f6id. Sealhulgas ehitab teede konstruktsioone, teostab teede hooldusremonti, pindamist\u00f6id ning kaevet\u00f6\u00f6de ja teeseisundi j\u00e4relevalvet Tallinnas ning osutab masinatele remonditeenuseid. Ettev\u00f5ttel on ka oma asfalditehas ning sertifitseeritud labor, kus on v\u00f5imalik teostada katseid nii teede kui teedeehituses kasutatavate materjalide kohta.<\/p>\n<p>Tallinna Teede Aktsiaseltsi 100%-lise osalusega emaettev\u00f5te on AS Merko Ehitus.<\/p>\n","protected":false},"excerpt":{"rendered":"<p>Tallinna Teede Aktsiaselts on teede ja rajatiste ehitamise ja hooldamisega tegelev ettev\u00f5te. Ettev\u00f5te teostab \u00fcle Eesti nii peat\u00f6\u00f6v\u00f5tu meetodil kui ka oma mehhanismidega k\u00f5iki teehoiut\u00f6id. Sealhulgas ehitab teede konstruktsioone, teostab teede hooldusremonti, pindamist\u00f6id ning kaevet\u00f6\u00f6de ja teeseisundi j\u00e4relevalvet Tallinnas ning osutab masinatele remonditeenuseid. Ettev\u00f5ttel on ka oma asfalditehas ning sertifitseeritud labor, kus on v\u00f5imalik teostada [&hellip;]<\/p>\n","protected":false},"author":1,"featured_media":0,"parent":0,"menu_order":0,"comment_status":"closed","ping_status":"closed","template":"","meta":{"footnotes":""},"class_list":["post-1624","page","type-page","status-publish","hentry"],"_links":{"self":[{"href":"https:\/\/www.ttas.ee\/index.php\/wp-json\/wp\/v2\/pages\/1624"}],"collection":[{"href":"https:\/\/www.ttas.ee\/index.php\/wp-json\/wp\/v2\/pages"}],"about":[{"href":"https:\/\/www.ttas.ee\/index.php\/wp-json\/wp\/v2\/types\/page"}],"author":[{"embeddable":true,"href":"https:\/\/www.ttas.ee\/index.php\/wp-json\/wp\/v2\/users\/1"}],"replies":[{"embeddable":true,"href":"https:\/\/www.ttas.ee\/index.php\/wp-json\/wp\/v2\/comments?post=1624"}],"version-history":[{"count":4,"href":"https:\/\/www.ttas.ee\/index.php\/wp-json\/wp\/v2\/pages\/1624\/revisions"}],"predecessor-version":[{"id":1865,"href":"https:\/\/www.ttas.ee\/index.php\/wp-json\/wp\/v2\/pages\/1624\/revisions\/1865"}],"wp:attachment":[{"href":"https:\/\/www.ttas.ee\/index.php\/wp-json\/wp\/v2\/media?parent=1624"}],"curies":[{"name":"wp","href":"https:\/\/api.w.org\/{rel}","templated":true}]}}