{"id":1592,"date":"2017-11-08T00:06:56","date_gmt":"2017-11-07T22:06:56","guid":{"rendered":"http:\/\/www.ttas.ee\/demo\/?page_id=1592"},"modified":"2018-03-12T11:54:47","modified_gmt":"2018-03-12T09:54:47","slug":"juhtpohimotted","status":"publish","type":"page","link":"https:\/\/www.ttas.ee\/index.php\/ettevottest\/juhtpohimotted\/","title":{"rendered":"Juhtp\u00f5him\u00f5tted"},"content":{"rendered":"<p>Tallinna Teede Aktsiaseltsi juhtp\u00f5him\u00f5teteks on:<\/p>\n<ul class=\"circle\">\n<li>Eesti Vabariigis kehtivate \u00f5igusaktide ja muude kehtivate n\u00f5uete t\u00e4itmine;<\/li>\n<li>Standardite ISO 9001:2015 ja ISO 14001:2015 n\u00f5uete j\u00e4rgimine ja pidev t\u00e4iustamine.<\/li>\n<\/ul>\n<p>Tallinna Teede Aktsiaseltsi tegevus on suunatud kliendi, t\u00f6\u00f6tajate ja omanike j\u00e4tkuvale rahulolule, mille tagab:<\/p>\n<ul class=\"circle\">\n<li>ettev\u00f5tte tegevuse efektiivsus;<\/li>\n<li>toodete ja teenuste kvaliteedi pidev parendamine;<\/li>\n<li>koost\u00f6\u00f6valmidus klientidega, konkurentidega, ettev\u00f5ttesiseselt;<\/li>\n<li>kokkulepetest kinnipidamine;<\/li>\n<li>l\u00e4htumine kehtivatest n\u00f5uetest ning kliendi erisoovidest;<\/li>\n<li>t\u00f6\u00f6tajate motiveeritus (tasu, soodustused, puhkused jm.);<\/li>\n<li>ohutu ja meeldiv t\u00f6\u00f6keskkond;<\/li>\n<li>suund arengule (t\u00f6\u00f6tajate koolitamine, kaasaegse tehnika ja tehnoloogia kasutamine, olmetingimuste parandamine jms);<\/li>\n<li>ettev\u00f5tte hea maine.<\/li>\n<li>keskkonnasaastamise v\u00e4ltimine v\u00f5i selle v\u00e4hendamine;<\/li>\n<li>materjali- ja energiaressursside s\u00e4\u00e4stlik kasutamine;<\/li>\n<li>masinate, seadmete, hoonete ning rajatiste heaperemehelik ja s\u00e4\u00e4stlik kasutamine ning hooldamine;<\/li>\n<li>teedeehitusel ja -remondil tekkivate j\u00e4\u00e4tmete taaskasutamine;<\/li>\n<li>\u00f5nnetuste ja h\u00e4daolukordade v\u00e4ltimine ning ennetamine, tegutsemisoskus nende tekkimisel;<\/li>\n<li>koost\u00f6\u00f6partnerite valimine l\u00e4htudes muuhulgas nende keskkonnaalasest p\u00e4devusest.<\/li>\n<\/ul>\n","protected":false},"excerpt":{"rendered":"<p>Tallinna Teede Aktsiaseltsi juhtp\u00f5him\u00f5teteks on: Eesti Vabariigis kehtivate \u00f5igusaktide ja muude kehtivate n\u00f5uete t\u00e4itmine; Standardite ISO 9001:2015 ja ISO 14001:2015 n\u00f5uete j\u00e4rgimine ja pidev t\u00e4iustamine. Tallinna Teede Aktsiaseltsi tegevus on suunatud kliendi, t\u00f6\u00f6tajate ja omanike j\u00e4tkuvale rahulolule, mille tagab: ettev\u00f5tte tegevuse efektiivsus; toodete ja teenuste kvaliteedi pidev parendamine; koost\u00f6\u00f6valmidus klientidega, konkurentidega, ettev\u00f5ttesiseselt; kokkulepetest kinnipidamine; l\u00e4htumine [&hellip;]<\/p>\n","protected":false},"author":1,"featured_media":0,"parent":1624,"menu_order":1,"comment_status":"closed","ping_status":"closed","template":"","meta":{"footnotes":""},"class_list":["post-1592","page","type-page","status-publish","hentry"],"_links":{"self":[{"href":"https:\/\/www.ttas.ee\/index.php\/wp-json\/wp\/v2\/pages\/1592"}],"collection":[{"href":"https:\/\/www.ttas.ee\/index.php\/wp-json\/wp\/v2\/pages"}],"about":[{"href":"https:\/\/www.ttas.ee\/index.php\/wp-json\/wp\/v2\/types\/page"}],"author":[{"embeddable":true,"href":"https:\/\/www.ttas.ee\/index.php\/wp-json\/wp\/v2\/users\/1"}],"replies":[{"embeddable":true,"href":"https:\/\/www.ttas.ee\/index.php\/wp-json\/wp\/v2\/comments?post=1592"}],"version-history":[{"count":3,"href":"https:\/\/www.ttas.ee\/index.php\/wp-json\/wp\/v2\/pages\/1592\/revisions"}],"predecessor-version":[{"id":1595,"href":"https:\/\/www.ttas.ee\/index.php\/wp-json\/wp\/v2\/pages\/1592\/revisions\/1595"}],"up":[{"embeddable":true,"href":"https:\/\/www.ttas.ee\/index.php\/wp-json\/wp\/v2\/pages\/1624"}],"wp:attachment":[{"href":"https:\/\/www.ttas.ee\/index.php\/wp-json\/wp\/v2\/media?parent=1592"}],"curies":[{"name":"wp","href":"https:\/\/api.w.org\/{rel}","templated":true}]}}