{"id":1441,"date":"2016-11-23T11:03:38","date_gmt":"2016-11-23T09:03:38","guid":{"rendered":"http:\/\/www.ttas.ee\/demo\/?page_id=1441"},"modified":"2024-02-16T15:06:26","modified_gmt":"2024-02-16T13:06:26","slug":"labor3","status":"publish","type":"page","link":"https:\/\/www.ttas.ee\/index.php\/teenused\/labor\/labor3\/","title":{"rendered":"T\u00e4itematerjalid"},"content":{"rendered":"<table border=\"1\" width=\"698\">\n<tbody>\n<tr>\n<td class=\"pealkiri\" width=30 >Jrk nr<\/td>\n<td class=\"pealkiri\" width=350 >T\u00f6\u00f6 nimetus<\/td>\n<td class=\"pealkiri\"  width=250 >Meetod<\/td>\n<td class=\"pealkiri\"  width=50 >Akredi- teering<\/td>\n<\/tr>\n<tr>\n<td>1<\/td>\n<td>T\u00e4itematerjali terastikulise koostise m\u00e4\u00e4ramine.<\/td>\n<td>EVS-EN 933-1:2012<\/td>\n<td>EAK<\/td>\n<\/tr>\n<tr>\n<td>2<\/td>\n<td>T\u00e4itematerjali tera kuju m\u00e4\u00e4ramine. Plaatsustegur.\n<\/td>\n<td>EVS-EN 933-3:2012\n<\/td>\n<td>EAK<\/td>\n<\/tr>\n<tr>\n<td>3<\/td>\n<td>T\u00e4itematerjali purunemiskindlus. Los Angelese katse.\n<\/td>\n<td>EVS-EN 1097-2:2020 p. 5 Lisa B\n<\/td>\n<td>EAK<\/td>\n<\/tr>\n<tr>\n<td>4<\/td>\n<td>T\u00e4itematerjali veesisalduse m\u00e4\u00e4ramine\n<\/td>\n<td>EVS-EN 1097-5:2008\n<\/td>\n<td>EAK<\/td>\n<\/tr>\n<tr>\n<td>5<\/td>\n<td>T\u00e4itematerjali terade tiheduse ja veeimavuse m\u00e4\u00e4ramine.\n<\/td>\n<td>EVS-EN 1097-6:2022 p. 8, p. 9, Lisa A\n<\/td>\n<td>EAK<\/td>\n<\/tr>\n<tr>\n<td>6<\/td>\n<td>T\u00e4itematerjali kulumiskindluse m\u00e4\u00e4ramine. Nordic katse.\n<\/td>\n<td>Nordic katse EVS-EN 1097-9:2014<\/td>\n<td>EAK<\/td>\n<\/tr>\n<tr>\n<td colspan=4>Allhanked<\/td>\n<\/tr>\n<tr>\n<td>7<\/td>\n<td>Purustatud\/\u00fcmardunud terad\n<\/td>\n<td>EVS-EN 933-5:2022\n<\/td>\n<td>EAK<\/td>\n<\/tr>\n<tr>\n<td>8<\/td>\n<td>Met\u00fcleensinise arv\n<\/td>\n<td>EVS-EN 933-9:2022\n<\/td>\n<td>EAK<\/td>\n<\/tr>\n<tr>\n<td>9<\/td>\n<td>Nake rullpudeliga 24 tundi\n<\/td>\n<td>EVS-EN 12697-11:2020\n<\/td>\n<td>EAK<\/td>\n<\/tr>\n<tr>\n<td>10<\/td>\n<td>Filtratsioon\n<\/td>\n<td> EVS 901-20:2013\n<\/td>\n<td>EAK<\/td>\n<\/tr>\n<\/tbody>\n<\/table>\n<p><strong>Lisainfo:<\/strong><\/p>\n<table>\n<tbody>\n<tr>\n<td style=\"background-color: white;\">\n<h4>Margus Soa<\/h4>\n<p>Labori juhataja<\/p>\n<p>margus.soa[at]ttas.ee<\/p>\n<p>+372 52 19 586<\/p>\n<\/td>\n<\/tr>\n<\/tbody>\n<\/table>\n","protected":false},"excerpt":{"rendered":"<p>Jrk nr T\u00f6\u00f6 nimetus Meetod Akredi- teering 1 T\u00e4itematerjali terastikulise koostise m\u00e4\u00e4ramine. EVS-EN 933-1:2012 EAK 2 T\u00e4itematerjali tera kuju m\u00e4\u00e4ramine. Plaatsustegur. EVS-EN 933-3:2012 EAK 3 T\u00e4itematerjali purunemiskindlus. Los Angelese katse. EVS-EN 1097-2:2020 p. 5 Lisa B EAK 4 T\u00e4itematerjali veesisalduse m\u00e4\u00e4ramine EVS-EN 1097-5:2008 EAK 5 T\u00e4itematerjali terade tiheduse ja veeimavuse m\u00e4\u00e4ramine. EVS-EN 1097-6:2022 p. 8, [&hellip;]<\/p>\n","protected":false},"author":1,"featured_media":0,"parent":968,"menu_order":2,"comment_status":"closed","ping_status":"closed","template":"","meta":{"footnotes":""},"class_list":["post-1441","page","type-page","status-publish","hentry"],"_links":{"self":[{"href":"https:\/\/www.ttas.ee\/index.php\/wp-json\/wp\/v2\/pages\/1441"}],"collection":[{"href":"https:\/\/www.ttas.ee\/index.php\/wp-json\/wp\/v2\/pages"}],"about":[{"href":"https:\/\/www.ttas.ee\/index.php\/wp-json\/wp\/v2\/types\/page"}],"author":[{"embeddable":true,"href":"https:\/\/www.ttas.ee\/index.php\/wp-json\/wp\/v2\/users\/1"}],"replies":[{"embeddable":true,"href":"https:\/\/www.ttas.ee\/index.php\/wp-json\/wp\/v2\/comments?post=1441"}],"version-history":[{"count":25,"href":"https:\/\/www.ttas.ee\/index.php\/wp-json\/wp\/v2\/pages\/1441\/revisions"}],"predecessor-version":[{"id":2129,"href":"https:\/\/www.ttas.ee\/index.php\/wp-json\/wp\/v2\/pages\/1441\/revisions\/2129"}],"up":[{"embeddable":true,"href":"https:\/\/www.ttas.ee\/index.php\/wp-json\/wp\/v2\/pages\/968"}],"wp:attachment":[{"href":"https:\/\/www.ttas.ee\/index.php\/wp-json\/wp\/v2\/media?parent=1441"}],"curies":[{"name":"wp","href":"https:\/\/api.w.org\/{rel}","templated":true}]}}