{"id":1436,"date":"2016-11-23T11:00:59","date_gmt":"2016-11-23T09:00:59","guid":{"rendered":"http:\/\/www.ttas.ee\/demo\/?page_id=1436"},"modified":"2024-02-19T09:26:29","modified_gmt":"2024-02-19T07:26:29","slug":"labor2","status":"publish","type":"page","link":"https:\/\/www.ttas.ee\/index.php\/teenused\/labor\/labor2\/","title":{"rendered":"Asfaltsegud- ja katted"},"content":{"rendered":"\n<div class=\"wp-block-columns is-layout-flex wp-container-core-columns-is-layout-2 wp-block-columns-is-layout-flex\">\n<div class=\"wp-block-column is-layout-flow wp-block-column-is-layout-flow\" style=\"flex-basis:100%\">\n<div class=\"wp-block-group\"><div class=\"wp-block-group__inner-container is-layout-constrained wp-block-group-is-layout-constrained\">\n<div class=\"wp-block-columns is-layout-flex wp-container-core-columns-is-layout-1 wp-block-columns-is-layout-flex\">\n<div class=\"wp-block-column is-layout-flow wp-block-column-is-layout-flow\" style=\"flex-basis:100%\">\n<table border=\"1\" width=\"698\">\n<tbody>\n <tr>\n  <td class=\"pealkiri\" width=30 >Jrk nr<\/td>\n  <td class=\"pealkiri\" width=350 >T\u00f6\u00f6 nimetus<\/td>\n  <td class=\"pealkiri\"  width=250 >Meetod<\/td>\n  <td class=\"pealkiri\"  width=50 >Akredi- teering<\/td>\n <\/tr>\n <tr>\n  <td>1<\/td>\n  <td>Asfaltsegu sideainesisalduse m\u00e4\u00e4ramine<\/td>\n  <td>EVS-EN 12697-1:2020 p. 5.4.2<\/td>\n  <td>EAK<\/td>\n <\/tr>\n <tr>\n  <td>2<\/td>\n  <td>Asfaltsegu terakoostise m\u00e4\u00e4ramine<\/td>\n  <td>EVS-EN 12697-2:2015+A1:2019<\/td>\n  <td>EAK<\/td>\n <\/tr>\n <tr>\n  <td>3<\/td>\n  <td>Asfaltsegu n\u00e4iva erimassi m\u00e4\u00e4ramine<\/td>\n  <td>EVS-EN 12697-5:2018, Meetod A<\/td>\n  <td>EAK<\/td>\n <\/tr>\n <tr>\n  <td>4<\/td>\n  <td>Asfaltsegu proovikehade mahumassi m\u00e4\u00e4ramine<\/td>\n  <td>Mahumass EVS-EN 12697-6:2020, Meetod B, D<\/td>\n  <td>EAK<\/td>\n <\/tr>\n <tr>\n  <td>5<\/td>\n  <td>Asfaltsegude poorsusn\u00e4itajate m\u00e4\u00e4ramine<\/td>\n  <td>EVS-EN 12697-8:2018 p. 4<\/td>\n  <td>EAK<\/td>\n <\/tr>\n <tr height=20 style='height:15.0pt'>\n  <td rowspan=2 height=40 class=xl6826204 width=40 style='border-bottom:.5pt solid black;\n  height:30.0pt;border-top:none;width:30pt'>6<\/td>\n  <td rowspan=2 class=xl7926204 width=323 style='border-bottom:.5pt solid black;\n  border-top:none;width:242pt'>Asfaltsegu veep\u00fcsivuse m\u00e4\u00e4ramine<\/td>\n  <td class=xl6726204 style='border-top:none;border-left:none'>EVS-EN\n  12697-12:2018, Meetod A* (2*35 l\u00f6\u00f6ki)**<\/td>\n  <td rowspan=2 class=xl8126204 style='border-bottom:.5pt solid black;\n  border-top:none'>EAK<\/td>\n <\/tr>\n <tr>\n  <td>12697-12:2018, Meetod A* (50 p\u00f6\u00f6ret)***<\/td>\n <\/tr>\n <tr>\n  <td>7<\/td>\n  <td>Asfaltsegu kuluvuskindluse m\u00e4\u00e4ramine. Prall katse<\/td>\n  <td>EVS-EN 12697-16:2016, Meetod A<\/td>\n  <td>EAK<\/td>\n <\/tr>\n <tr>\n  <td>8<\/td>\n  <td>Asfaltsegu deformatsioonikindluse m\u00e4\u00e4ramine. Rattaroopa katse.<\/td>\n  <td>EVS-EN 12697-22:2020, v\u00e4ike seade, Meetod B (\u00f5hus)<\/td>\n  <td>EAK<\/td>\n <\/tr>\n <tr>\n  <td>9<\/td>\n  <td>Kaudse t\u00f5mbetugevuse m\u00e4\u00e4ramine<\/td>\n  <td>EVS-EN 12697-23:2017*<\/td>\n  <td>EAK<\/td>\n <\/tr>\n <tr>\n  <td>10<\/td>\n  <td>Proovikehade m\u00f5\u00f5tmete m\u00e4\u00e4ramine<\/td>\n  <td>EVS-EN 12697-29:2020<\/td>\n  <td>EAK<\/td>\n <\/tr>\n <tr>\n  <td>11<\/td>\n  <td>Puurkehade paksuse m\u00e4\u00e4ramine<\/td>\n  <td>EVS-EN 12697-36:2022 p. 6.1<\/td>\n  <td>EAK<\/td>\n <\/tr>\n <tr>\n  <td>12<\/td>\n  <td>Asfaltsegu sideaine v\u00e4ljan\u00f5rgumine.<\/td>\n  <td>EVS-EN 1697-18:2017 p. 5<\/td>\n  <td>&nbsp;<\/td>\n <\/tr>\n <tr>\n  <td>13<\/td>\n  <td>Marshalli proovikehade valmistamine<\/td>\n  <td>EVS-EN 12697-30:2018<\/td>\n  <td>&nbsp;<\/td>\n <\/tr>\n <tr>\n  <td>14<\/td>\n  <td>G\u00fcraator-tihendajaga proovikehade valmistamine<\/td>\n  <td>EVS-EN 12697-31:2019<\/td>\n  <td>&nbsp;<\/td>\n <\/tr>\n <tr>\n  <td>15<\/td>\n  <td>Rulltihendajaga proovikehade valmistamine<\/td>\n  <td>EVS-EN 12697-33:2019+A1_2022 p. 5.3<\/td>\n  <td>&nbsp;<\/td>\n <\/tr>\n <tr>\n  <td>16<\/td>\n  <td>Asfaltsegu segamine laboris<\/td>\n  <td>EVS-EN 12697-35:2016<\/td>\n  <td>&nbsp;<\/td>\n <\/tr>\n <tr>\n  <td>17<\/td>\n  <td>Asfaltkattest puurproovide v\u00f5tmine<\/td>\n  <td>&nbsp;<\/td>\n  <td>&nbsp;<\/td>\n <\/tr>\n <tr>\n  <td colspan=4>Allhanked<\/td>\n <\/tr>\n <tr>\n  <td>18<\/td>\n  <td>Karbonaatanal\u00fc\u00fcs<\/td>\n  <td>EVS-EN 196-2:2013<\/td>\n  <td>EAK<\/td>\n <\/tr>\n <tr>\n  <td>19<\/td>\n  <td>Karbonaatanal\u00fc\u00fcs<\/td>\n  <td>XRF meetod<\/td>\n  <td>EAK<\/td>\n <\/tr>\n<\/tbody>\n<\/table>\n\n<table><tbody>\n <tr>\n  <td colspan=4>* labor ei anna hinnagut proovikeha\n  purunemist\u00fc\u00fcbile ja t\u00e4itematerjali terviklikkusele. Katse temperatuur 15oC.<\/td>\n <\/tr>\n <tr> \n  <td colspan=4>** EVS-EN 12697-30:2018<\/td>\n<\/tr>\n<tr>\n <td colspan=4>*** EVS-EN 12697-31:2019<\/td>\n<\/tr>\n<\/tbody>\n<\/table>\n\n<p><br \/><strong>Lisainfo:<\/strong><\/p>\n<table>\n<tbody>\n<tr>\n<td style=\"background-color: white;\">\n<h4>Margus Soa<\/h4>\n<p>Labori juhataja<\/p>\n<p>margus.soa[at]ttas.ee<\/p>\n<p>+372 52 19 586<\/p>\n<\/td>\n<\/tr>\n<\/tbody>\n<\/table>\n<\/div>\n<\/div>\n<\/div><\/div>\n<\/div>\n<\/div>\n","protected":false},"excerpt":{"rendered":"<p>Jrk nr T\u00f6\u00f6 nimetus Meetod Akredi- teering 1 Asfaltsegu sideainesisalduse m\u00e4\u00e4ramine EVS-EN 12697-1:2020 p. 5.4.2 EAK 2 Asfaltsegu terakoostise m\u00e4\u00e4ramine EVS-EN 12697-2:2015+A1:2019 EAK 3 Asfaltsegu n\u00e4iva erimassi m\u00e4\u00e4ramine EVS-EN 12697-5:2018, Meetod A EAK 4 Asfaltsegu proovikehade mahumassi m\u00e4\u00e4ramine Mahumass EVS-EN 12697-6:2020, Meetod B, D EAK 5 Asfaltsegude poorsusn\u00e4itajate m\u00e4\u00e4ramine EVS-EN 12697-8:2018 p. 4 EAK 6 [&hellip;]<\/p>\n","protected":false},"author":1,"featured_media":0,"parent":968,"menu_order":1,"comment_status":"closed","ping_status":"closed","template":"","meta":{"footnotes":""},"class_list":["post-1436","page","type-page","status-publish","hentry"],"_links":{"self":[{"href":"https:\/\/www.ttas.ee\/index.php\/wp-json\/wp\/v2\/pages\/1436"}],"collection":[{"href":"https:\/\/www.ttas.ee\/index.php\/wp-json\/wp\/v2\/pages"}],"about":[{"href":"https:\/\/www.ttas.ee\/index.php\/wp-json\/wp\/v2\/types\/page"}],"author":[{"embeddable":true,"href":"https:\/\/www.ttas.ee\/index.php\/wp-json\/wp\/v2\/users\/1"}],"replies":[{"embeddable":true,"href":"https:\/\/www.ttas.ee\/index.php\/wp-json\/wp\/v2\/comments?post=1436"}],"version-history":[{"count":57,"href":"https:\/\/www.ttas.ee\/index.php\/wp-json\/wp\/v2\/pages\/1436\/revisions"}],"predecessor-version":[{"id":2131,"href":"https:\/\/www.ttas.ee\/index.php\/wp-json\/wp\/v2\/pages\/1436\/revisions\/2131"}],"up":[{"embeddable":true,"href":"https:\/\/www.ttas.ee\/index.php\/wp-json\/wp\/v2\/pages\/968"}],"wp:attachment":[{"href":"https:\/\/www.ttas.ee\/index.php\/wp-json\/wp\/v2\/media?parent=1436"}],"curies":[{"name":"wp","href":"https:\/\/api.w.org\/{rel}","templated":true}]}}