{"id":1221,"date":"2016-08-06T07:14:00","date_gmt":"2016-08-06T05:14:00","guid":{"rendered":"http:\/\/www.talteede.ee\/demo\/?page_id=1221"},"modified":"2022-02-10T17:18:48","modified_gmt":"2022-02-10T15:18:48","slug":"platside-ja-parklate-ehitus","status":"publish","type":"page","link":"https:\/\/www.ttas.ee\/index.php\/teenused\/platside-ja-parklate-ehitus\/","title":{"rendered":"Platside ja parklate ehitus"},"content":{"rendered":"<p>Teostame suure- ja v\u00e4ikesemahulisi platside, parklate ja k\u00f5nniteede ehitust \u00fcle kogu Eesti.<\/p>\n<h3>PAKUTAVAD TEENUSED<\/h3>\n<p><!-- [green_arrowlist]--><\/p>\n<ul class=\"checklist\">\n<li>Projektide ja eelarvete koostamine<\/li>\n<li>Parklate remont ja ehitus<\/li>\n<li>K\u00f5nniteede ehitus<\/li>\n<li>L\u00f6\u00f6kaukude remont<\/li>\n<li>Liikluskorraldust\u00f6\u00f6d (m\u00e4rgid, joonimine)<\/li>\n<li>\u00c4\u00e4rekivide ja sillutuskivide paigaldus<\/li>\n<\/ul>\n<p><!--[\/green_arrowlist]--><\/p>\n<p><strong>Lisainfo:<\/strong><\/p>\n<table>\n<tbody>\n<tr>\n<td style=\"background-color: white;\">\n<h4>Rainer Barjabin<\/h4>\n<p>Teehoiu osakonna juhataja<\/p>\n<p>rainer.barjabin[at]ttas.ee<\/p>\n<p>+372 56 804 865<\/td>\n<td style=\"background-color: white;\"><\/td>\n<\/tr>\n<\/tbody>\n<\/table>\n","protected":false},"excerpt":{"rendered":"<p>Teostame suure- ja v\u00e4ikesemahulisi platside, parklate ja k\u00f5nniteede ehitust \u00fcle kogu Eesti. PAKUTAVAD TEENUSED Projektide ja eelarvete koostamine Parklate remont ja ehitus K\u00f5nniteede ehitus L\u00f6\u00f6kaukude remont Liikluskorraldust\u00f6\u00f6d (m\u00e4rgid, joonimine) \u00c4\u00e4rekivide ja sillutuskivide paigaldus Lisainfo: Rainer Barjabin Teehoiu osakonna juhataja rainer.barjabin[at]ttas.ee +372 56 804 865<\/p>\n","protected":false},"author":1,"featured_media":0,"parent":1621,"menu_order":0,"comment_status":"closed","ping_status":"closed","template":"","meta":{"footnotes":""},"class_list":["post-1221","page","type-page","status-publish","hentry"],"_links":{"self":[{"href":"https:\/\/www.ttas.ee\/index.php\/wp-json\/wp\/v2\/pages\/1221"}],"collection":[{"href":"https:\/\/www.ttas.ee\/index.php\/wp-json\/wp\/v2\/pages"}],"about":[{"href":"https:\/\/www.ttas.ee\/index.php\/wp-json\/wp\/v2\/types\/page"}],"author":[{"embeddable":true,"href":"https:\/\/www.ttas.ee\/index.php\/wp-json\/wp\/v2\/users\/1"}],"replies":[{"embeddable":true,"href":"https:\/\/www.ttas.ee\/index.php\/wp-json\/wp\/v2\/comments?post=1221"}],"version-history":[{"count":20,"href":"https:\/\/www.ttas.ee\/index.php\/wp-json\/wp\/v2\/pages\/1221\/revisions"}],"predecessor-version":[{"id":2204,"href":"https:\/\/www.ttas.ee\/index.php\/wp-json\/wp\/v2\/pages\/1221\/revisions\/2204"}],"up":[{"embeddable":true,"href":"https:\/\/www.ttas.ee\/index.php\/wp-json\/wp\/v2\/pages\/1621"}],"wp:attachment":[{"href":"https:\/\/www.ttas.ee\/index.php\/wp-json\/wp\/v2\/media?parent=1221"}],"curies":[{"name":"wp","href":"https:\/\/api.w.org\/{rel}","templated":true}]}}