{"id":1164,"date":"2016-02-22T14:18:08","date_gmt":"2016-02-22T12:18:08","guid":{"rendered":"http:\/\/10.24.42.42\/demo\/?page_id=1164"},"modified":"2024-04-16T13:07:50","modified_gmt":"2024-04-16T11:07:50","slug":"juhtimissusteem","status":"publish","type":"page","link":"https:\/\/www.ttas.ee\/index.php\/ettevottest\/juhtimissusteem\/","title":{"rendered":"Juhtimiss\u00fcsteem"},"content":{"rendered":"<p>Tallinna Teede AS juhtimiss\u00fcsteem on sertifitseeritud B\u00fcreau Veritas Eesti AS poolt j\u00e4rgmise sertifitseerimisulatusega:<\/p>\n<ul class=\"checklist\">\n<li>Teedeehitus, -hooldus, -remont<\/li>\n<li>Teehoiu (kaevet\u00f6\u00f6de) tehniline j\u00e4relevalve<\/li>\n<li>Teeseisundi j\u00e4relevalve<\/li>\n<li>Teedeehituse peat\u00f6\u00f6v\u00f5tt<\/li>\n<\/ul>\n<p>Kvaliteedijuhtimiss\u00fcsteem vastab standardile ISO 9001:2015.<\/p>\n<p>Keskkonnajuhtimiss\u00fcsteem vastab standardile ISO 14001:2015.<\/p>\n","protected":false},"excerpt":{"rendered":"<p>Tallinna Teede AS juhtimiss\u00fcsteem on sertifitseeritud B\u00fcreau Veritas Eesti AS poolt j\u00e4rgmise sertifitseerimisulatusega: Teedeehitus, -hooldus, -remont Teehoiu (kaevet\u00f6\u00f6de) tehniline j\u00e4relevalve Teeseisundi j\u00e4relevalve Teedeehituse peat\u00f6\u00f6v\u00f5tt Kvaliteedijuhtimiss\u00fcsteem vastab standardile ISO 9001:2015. Keskkonnajuhtimiss\u00fcsteem vastab standardile ISO 14001:2015.<\/p>\n","protected":false},"author":1,"featured_media":0,"parent":1624,"menu_order":0,"comment_status":"closed","ping_status":"closed","template":"","meta":{"footnotes":""},"class_list":["post-1164","page","type-page","status-publish","hentry"],"_links":{"self":[{"href":"https:\/\/www.ttas.ee\/index.php\/wp-json\/wp\/v2\/pages\/1164"}],"collection":[{"href":"https:\/\/www.ttas.ee\/index.php\/wp-json\/wp\/v2\/pages"}],"about":[{"href":"https:\/\/www.ttas.ee\/index.php\/wp-json\/wp\/v2\/types\/page"}],"author":[{"embeddable":true,"href":"https:\/\/www.ttas.ee\/index.php\/wp-json\/wp\/v2\/users\/1"}],"replies":[{"embeddable":true,"href":"https:\/\/www.ttas.ee\/index.php\/wp-json\/wp\/v2\/comments?post=1164"}],"version-history":[{"count":13,"href":"https:\/\/www.ttas.ee\/index.php\/wp-json\/wp\/v2\/pages\/1164\/revisions"}],"predecessor-version":[{"id":2184,"href":"https:\/\/www.ttas.ee\/index.php\/wp-json\/wp\/v2\/pages\/1164\/revisions\/2184"}],"up":[{"embeddable":true,"href":"https:\/\/www.ttas.ee\/index.php\/wp-json\/wp\/v2\/pages\/1624"}],"wp:attachment":[{"href":"https:\/\/www.ttas.ee\/index.php\/wp-json\/wp\/v2\/media?parent=1164"}],"curies":[{"name":"wp","href":"https:\/\/api.w.org\/{rel}","templated":true}]}}